{"id":747,"date":"2024-05-25T09:52:13","date_gmt":"2024-05-25T12:52:13","guid":{"rendered":"https:\/\/fiscalprint.com.br\/?page_id=747"},"modified":"2024-05-29T10:02:30","modified_gmt":"2024-05-29T13:02:30","slug":"contato","status":"publish","type":"page","link":"https:\/\/fiscalprint.com.br\/?page_id=747","title":{"rendered":"Contato"},"content":{"rendered":"\n<div class=\"row row-collapse row-full-width\"  id=\"row-490897809\">\n\n\n\t<div id=\"col-1316817545\" class=\"col small-12 large-12\"  >\n\t\t\t\t<div class=\"col-inner\"  >\n\t\t\t\n\t\t\t\n\n\n\t<section class=\"section\" id=\"section_1404985976\">\n\t\t<div class=\"section-bg fill\" >\n\t\t\t<img loading=\"lazy\" decoding=\"async\" width=\"1920\" height=\"600\" src=\"https:\/\/fiscalprint.com.br\/wp-content\/uploads\/2024\/05\/sebrae-sc-video-comunicacao.webp\" class=\"bg attachment- size-\" alt=\"\" \/>\t\t\t\t\t\t<div class=\"section-bg-overlay absolute fill\"><\/div>\n\t\t\t\n\n\t\t<\/div>\n\n\t\t\n\n\t\t<div class=\"section-content relative\">\n\t\t\t\n\n<div class=\"row row-collapse align-center\" style=\"max-width:\" id=\"row-943411363\">\n\n\n\t<div id=\"col-981991221\" class=\"col small-12 large-12\"  >\n\t\t\t\t<div class=\"col-inner text-center dark\"  >\n\t\t\t\n\t\t\t\n\n<h1><em><strong><span style=\"font-size: 250%;\">CONTATO<\/span><\/strong><\/em><\/h1>\n<ol>\n<li>Ol\u00e1! Seja bem-vindo(a),<\/li>\n<li>Como podemos te ajudar?<\/li>\n<\/ol>\n\n\t\t<\/div>\n\t\t\t\t\n<style>\n#col-981991221 > .col-inner {\n  padding: 100px 20px 200px 0px;\n}\n@media (min-width:550px) {\n  #col-981991221 > .col-inner {\n    padding: 100px 0px 200px 0px;\n  }\n}\n<\/style>\n\t<\/div>\n\n\t\n\n<\/div>\n\n\t\t<\/div>\n\n\t\t\n<style>\n#section_1404985976 {\n  padding-top: 0px;\n  padding-bottom: 0px;\n  min-height: 0px;\n}\n#section_1404985976 .section-bg-overlay {\n  background-color: rgba(0, 0, 0, 0.12);\n}\n#section_1404985976 .section-bg img {\n  object-position: 86% 30%;\n}\n@media (min-width:550px) {\n  #section_1404985976 {\n    padding-top: 0px;\n    padding-bottom: 0px;\n  }\n  #section_1404985976 .section-bg-overlay {\n    background-color: rgba(0, 0, 0, 0.21);\n  }\n}\n@media (min-width:850px) {\n  #section_1404985976 {\n    padding-top: 100px;\n    padding-bottom: 100px;\n  }\n  #section_1404985976 .section-bg-overlay {\n    background-color: rgba(0, 0, 0, 0.12);\n  }\n}\n<\/style>\n\t<\/section>\n\t\n\n\t\t<\/div>\n\t\t\t\t\n<style>\n#col-1316817545 > .col-inner {\n  padding: 0px 30px 0px 30px;\n}\n<\/style>\n\t<\/div>\n\n\t\n\n<\/div>\n<div class=\"row row-large\" style=\"max-width:1400px\" id=\"row-1637093283\">\n\n\n\t<div id=\"col-308704377\" class=\"col small-12 large-12\"  >\n\t\t\t\t<div class=\"col-inner\" style=\"background-color:rgb(255, 255, 255);\" >\n\t\t\t\n\t\t\t\n\n<div class=\"row row-collapse row-full-width\"  id=\"row-1799517906\">\n\n\n\t<div id=\"col-1071038678\" class=\"col medium-12 small-12 large-6\"  >\n\t\t\t\t<div class=\"col-inner\"  >\n\t\t\t\n\t\t\t\n\n\t<div id=\"text-1931228189\" class=\"text\">\n\t\t\n\n<h2><span style=\"font-size: 27.648px;\">Op\u00e7\u00f5es de servi\u00e7os:<\/span><\/h2>\n<p>Agendamento on-line \u00b7 Servi\u00e7os no local<\/p>\n\t\t\n<style>\n#text-1931228189 {\n  font-size: 1.95rem;\n}\n<\/style>\n\t<\/div>\n\t\n\t<div id=\"gap-1464364191\" class=\"gap-element clearfix\" style=\"display:block; height:auto;\">\n\t\t\n<style>\n#gap-1464364191 {\n  padding-top: 20px;\n}\n@media (min-width:550px) {\n  #gap-1464364191 {\n    padding-top: 20px;\n  }\n}\n@media (min-width:850px) {\n  #gap-1464364191 {\n    padding-top: 30px;\n  }\n}\n<\/style>\n\t<\/div>\n\t\n\n<div class=\"row\"  id=\"row-1280591592\">\n\n\n\t<div id=\"col-718843165\" class=\"col medium-6 small-12 large-6\"  >\n\t\t\t\t<div class=\"col-inner\"  >\n\t\t\t\n\t\t\t\n\n\t<div class=\"img has-hover x md-x lg-x y md-y lg-y\" id=\"image_58815896\">\n\t\t\t\t\t\t\t\t<div class=\"img-inner dark\" >\n\t\t\t<img loading=\"lazy\" decoding=\"async\" width=\"240\" height=\"240\" src=\"https:\/\/fiscalprint.com.br\/wp-content\/uploads\/2024\/05\/map-pin-2-fill-2.png\" class=\"attachment-large size-large\" alt=\"\" srcset=\"https:\/\/fiscalprint.com.br\/wp-content\/uploads\/2024\/05\/map-pin-2-fill-2.png 240w, https:\/\/fiscalprint.com.br\/wp-content\/uploads\/2024\/05\/map-pin-2-fill-2-150x150.png 150w\" sizes=\"auto, (max-width: 240px) 100vw, 240px\" \/>\t\t\t\t\t\t\n\t\t\t\t\t<\/div>\n\t\t\t\t\t\t\t\t\n<style>\n#image_58815896 {\n  width: 15%;\n}\n@media (min-width:550px) {\n  #image_58815896 {\n    width: 20%;\n  }\n}\n<\/style>\n\t<\/div>\n\t\n\n\t<div id=\"text-400028466\" class=\"text\">\n\t\t\n\n<h3 class=\"uppercase\">Endere\u00e7o:<\/h3>\n<p>Av. T-2, 1443 &#8211; Quadra 49 Lote 8 &#8211; St. Bueno, Goi\u00e2nia &#8211; GO, 74215-010<\/p>\n\t\t\n<style>\n#text-400028466 {\n  font-size: 1.35rem;\n  line-height: 1.35;\n  color: rgb(0,0,0);\n}\n#text-400028466 > * {\n  color: rgb(0,0,0);\n}\n<\/style>\n\t<\/div>\n\t\n\n\t\t<\/div>\n\t\t\t\t\t<\/div>\n\n\t\n\n\t<div id=\"col-1513964624\" class=\"col medium-5 small-12 large-6\"  >\n\t\t\t\t<div class=\"col-inner\"  >\n\t\t\t\n\t\t\t\n\n\t<div class=\"img has-hover x md-x lg-x y md-y lg-y\" id=\"image_184234340\">\n\t\t\t\t\t\t\t\t<div class=\"img-inner dark\" >\n\t\t\t<img loading=\"lazy\" decoding=\"async\" width=\"240\" height=\"240\" src=\"https:\/\/fiscalprint.com.br\/wp-content\/uploads\/2024\/05\/time-fill.png\" class=\"attachment-large size-large\" alt=\"\" srcset=\"https:\/\/fiscalprint.com.br\/wp-content\/uploads\/2024\/05\/time-fill.png 240w, https:\/\/fiscalprint.com.br\/wp-content\/uploads\/2024\/05\/time-fill-150x150.png 150w\" sizes=\"auto, (max-width: 240px) 100vw, 240px\" \/>\t\t\t\t\t\t\n\t\t\t\t\t<\/div>\n\t\t\t\t\t\t\t\t\n<style>\n#image_184234340 {\n  width: 15%;\n}\n@media (min-width:550px) {\n  #image_184234340 {\n    width: 20%;\n  }\n}\n<\/style>\n\t<\/div>\n\t\n\n\t<div id=\"text-2464082560\" class=\"text\">\n\t\t\n\n<h3 class=\"uppercase\">hor\u00e1rio de funcionamento:<\/h3>\n<pre id=\"tw-target-text\" class=\"tw-data-text tw-text-large tw-ta\" dir=\"ltr\" data-placeholder=\"Tradu\u00e7\u00e3o\" aria-label=\"Texto traduzido\" data-ved=\"2ahUKEwiVhcjJ76iGAxXyALkGHewxBGoQ3ewLegQIBRAU\"><span class=\"Y2IQFc\" lang=\"pt\">Seg a Sex: 08h00-18h00\nS\u00e1bado: 8h-12h\n<br \/><\/span><\/pre>\n\t\t\n<style>\n#text-2464082560 {\n  font-size: 1.1rem;\n  line-height: 1.2;\n  text-align: left;\n  color: rgb(0,0,0);\n}\n#text-2464082560 > * {\n  color: rgb(0,0,0);\n}\n<\/style>\n\t<\/div>\n\t\n\n\t\t<\/div>\n\t\t\t\t\t<\/div>\n\n\t\n\n<\/div>\n<div class=\"row\"  id=\"row-1134374136\">\n\n\n\t<div id=\"col-1048378005\" class=\"col medium-6 small-12 large-6\"  >\n\t\t\t\t<div class=\"col-inner\"  >\n\t\t\t\n\t\t\t\n\n\t<div class=\"img has-hover x md-x lg-x y md-y lg-y\" id=\"image_1419012674\">\n\t\t\t\t\t\t\t\t<div class=\"img-inner dark\" >\n\t\t\t<img loading=\"lazy\" decoding=\"async\" width=\"240\" height=\"240\" src=\"https:\/\/fiscalprint.com.br\/wp-content\/uploads\/2024\/05\/mail-open-fill.png\" class=\"attachment-large size-large\" alt=\"\" srcset=\"https:\/\/fiscalprint.com.br\/wp-content\/uploads\/2024\/05\/mail-open-fill.png 240w, https:\/\/fiscalprint.com.br\/wp-content\/uploads\/2024\/05\/mail-open-fill-150x150.png 150w\" sizes=\"auto, (max-width: 240px) 100vw, 240px\" \/>\t\t\t\t\t\t\n\t\t\t\t\t<\/div>\n\t\t\t\t\t\t\t\t\n<style>\n#image_1419012674 {\n  width: 15%;\n}\n@media (min-width:550px) {\n  #image_1419012674 {\n    width: 20%;\n  }\n}\n<\/style>\n\t<\/div>\n\t\n\n\t<div id=\"text-1672282236\" class=\"text\">\n\t\t\n\n<h3 class=\"uppercase\">g-mail:<\/h3>\n<p>financeiro@fiscalprint.com.br<\/p>\n\t\t\n<style>\n#text-1672282236 {\n  font-size: 1.25rem;\n  color: rgb(0,0,0);\n}\n#text-1672282236 > * {\n  color: rgb(0,0,0);\n}\n<\/style>\n\t<\/div>\n\t\n\n\t\t<\/div>\n\t\t\t\t\t<\/div>\n\n\t\n\n\t<div id=\"col-798532104\" class=\"col medium-6 small-12 large-6\"  >\n\t\t\t\t<div class=\"col-inner\"  >\n\t\t\t\n\t\t\t\n\n\t<div class=\"img has-hover x md-x lg-x y md-y lg-y\" id=\"image_1284840711\">\n\t\t\t\t\t\t\t\t<div class=\"img-inner dark\" >\n\t\t\t<img loading=\"lazy\" decoding=\"async\" width=\"240\" height=\"240\" src=\"https:\/\/fiscalprint.com.br\/wp-content\/uploads\/2024\/05\/phone-fill.png\" class=\"attachment-large size-large\" alt=\"\" srcset=\"https:\/\/fiscalprint.com.br\/wp-content\/uploads\/2024\/05\/phone-fill.png 240w, https:\/\/fiscalprint.com.br\/wp-content\/uploads\/2024\/05\/phone-fill-150x150.png 150w\" sizes=\"auto, (max-width: 240px) 100vw, 240px\" \/>\t\t\t\t\t\t\n\t\t\t\t\t<\/div>\n\t\t\t\t\t\t\t\t\n<style>\n#image_1284840711 {\n  width: 15%;\n}\n@media (min-width:550px) {\n  #image_1284840711 {\n    width: 20%;\n  }\n}\n<\/style>\n\t<\/div>\n\t\n\n\t<div id=\"text-3822018256\" class=\"text\">\n\t\t\n\n<h3 class=\"uppercase\">telefone:<\/h3>\n<p>(62) 3091-2494<br \/>(62) 98108-0011<\/p>\n\t\t\n<style>\n#text-3822018256 {\n  font-size: 1.25rem;\n  line-height: 1.2;\n  color: rgb(0,0,0);\n}\n#text-3822018256 > * {\n  color: rgb(0,0,0);\n}\n<\/style>\n\t<\/div>\n\t\n\n\t\t<\/div>\n\t\t\t\t\t<\/div>\n\n\t\n\n<\/div>\n\n\t\t<\/div>\n\t\t\t\t\n<style>\n#col-1071038678 > .col-inner {\n  padding: 0px 0px 0px 20px;\n}\n<\/style>\n\t<\/div>\n\n\t\n\n\t<div id=\"col-665488981\" class=\"col medium-12 small-12 large-6\"  >\n\t\t\t\t<div class=\"col-inner\"  >\n\t\t\t\n\t\t\t\n\n<h2><span style=\"font-size: 120%;\">Ask a question<\/span><\/h2>\n\t<div id=\"gap-1892074869\" class=\"gap-element clearfix\" style=\"display:block; height:auto;\">\n\t\t\n<style>\n#gap-1892074869 {\n  padding-top: 20px;\n}\n@media (min-width:550px) {\n  #gap-1892074869 {\n    padding-top: 20px;\n  }\n}\n@media (min-width:850px) {\n  #gap-1892074869 {\n    padding-top: 30px;\n  }\n}\n<\/style>\n\t<\/div>\n\t\n\n<p class=\"wpcf7-contact-form-not-found\"><strong>Erro:<\/strong> Formul\u00e1rio de contato n\u00e3o encontrado.<\/p>\n\n\n\t\t<\/div>\n\t\t\t\t\t<\/div>\n\n\t\n\n\n<style>\n#row-1799517906 > .col > .col-inner {\n  padding: 0px 15px 0px 15px;\n}\n<\/style>\n<\/div>\n\n\t\t<\/div>\n\t\t\t\t\n<style>\n#col-308704377 > .col-inner {\n  padding: 50px 20px 0px 20px;\n  margin: -0 0px 0px 0px;\n}\n@media (min-width:550px) {\n  #col-308704377 > .col-inner {\n    padding: 50px 20px 30px 20px;\n    margin: 0 0px 0px 0px;\n  }\n}\n@media (min-width:850px) {\n  #col-308704377 > .col-inner {\n    padding: 66px 5% 16px 5%;\n    margin: -135px 0px 0px 0px;\n  }\n}\n<\/style>\n\t<\/div>\n\n\t\n\n<\/div>\n<div class=\"row row-collapse row-full-width\"  id=\"row-1553705874\">\n\n\n\t<div id=\"col-701461408\" class=\"col small-12 large-12\"  >\n\t\t\t\t<div class=\"col-inner\"  >\n\t\t\t\n\t\t\t\n\n<div class=\"social-icons follow-icons full-width text-center\" style=\"font-size:135%\"><a href=\"https:\/\/www.facebook.com\/fiscal.print\/\" target=\"_blank\" data-label=\"Facebook\" class=\"icon primary button circle facebook tooltip\" title=\"Follow on Facebook\" aria-label=\"Follow on Facebook\" rel=\"noopener nofollow\" ><i class=\"icon-facebook\" ><\/i><\/a><a href=\"https:\/\/www.instagram.com\/fiscalprintoficial\/\" target=\"_blank\" data-label=\"Instagram\" class=\"icon primary button circle instagram tooltip\" title=\"Follow on Instagram\" aria-label=\"Follow on Instagram\" rel=\"noopener nofollow\" ><i class=\"icon-instagram\" ><\/i><\/a><a href=\"mailto:financeiro@fiscalprint.com.br\" data-label=\"E-mail\" target=\"_blank\" class=\"icon primary button circle email tooltip\" title=\"Envie-nos um email\" aria-label=\"Envie-nos um email\" rel=\"nofollow noopener\" ><i class=\"icon-envelop\" ><\/i><\/a><a href=\"tel:62981080011\" data-label=\"Phone\" target=\"_blank\" class=\"icon primary button circle phone tooltip\" title=\"Call us\" aria-label=\"Call us\" rel=\"nofollow noopener\" ><i class=\"icon-phone\" ><\/i><\/a><\/div>\n\n\n\t\t<\/div>\n\t\t\t\t\n<style>\n#col-701461408 > .col-inner {\n  padding: 0px 30px 0px 30px;\n}\n<\/style>\n\t<\/div>\n\n\t\n\n<\/div>\n\n","protected":false},"excerpt":{"rendered":"","protected":false},"author":7,"featured_media":0,"parent":0,"menu_order":0,"comment_status":"closed","ping_status":"closed","template":"","meta":{"footnotes":""},"class_list":["post-747","page","type-page","status-publish","hentry"],"_links":{"self":[{"href":"https:\/\/fiscalprint.com.br\/index.php?rest_route=\/wp\/v2\/pages\/747","targetHints":{"allow":["GET"]}}],"collection":[{"href":"https:\/\/fiscalprint.com.br\/index.php?rest_route=\/wp\/v2\/pages"}],"about":[{"href":"https:\/\/fiscalprint.com.br\/index.php?rest_route=\/wp\/v2\/types\/page"}],"author":[{"embeddable":true,"href":"https:\/\/fiscalprint.com.br\/index.php?rest_route=\/wp\/v2\/users\/7"}],"replies":[{"embeddable":true,"href":"https:\/\/fiscalprint.com.br\/index.php?rest_route=%2Fwp%2Fv2%2Fcomments&post=747"}],"version-history":[{"count":8,"href":"https:\/\/fiscalprint.com.br\/index.php?rest_route=\/wp\/v2\/pages\/747\/revisions"}],"predecessor-version":[{"id":807,"href":"https:\/\/fiscalprint.com.br\/index.php?rest_route=\/wp\/v2\/pages\/747\/revisions\/807"}],"wp:attachment":[{"href":"https:\/\/fiscalprint.com.br\/index.php?rest_route=%2Fwp%2Fv2%2Fmedia&parent=747"}],"curies":[{"name":"wp","href":"https:\/\/api.w.org\/{rel}","templated":true}]}}